{"id":2,"date":"2024-09-20T11:16:08","date_gmt":"2024-09-20T11:16:08","guid":{"rendered":"https:\/\/carpinteriaartetxe.rkinformatika.online\/?page_id=2"},"modified":"2024-11-18T11:20:16","modified_gmt":"2024-11-18T11:20:16","slug":"inicio","status":"publish","type":"page","link":"https:\/\/administracionfincasjaio.com\/eu\/","title":{"rendered":"Hasiera"},"content":{"rendered":"<div data-elementor-type=\"wp-page\" data-elementor-id=\"2\" class=\"elementor elementor-2\" data-elementor-post-type=\"page\">\n\t\t\t\t<div class=\"elementor-element elementor-element-99bfd16 e-con-full e-flex e-con e-parent\" data-id=\"99bfd16\" data-element_type=\"container\" data-e-type=\"container\" data-settings=\"{&quot;background_background&quot;:&quot;classic&quot;}\">\n\t\t\t\t<div class=\"elementor-element elementor-element-fe7d472 elementor-absolute elementor-invisible elementor-widget elementor-widget-heading\" data-id=\"fe7d472\" data-element_type=\"widget\" data-e-type=\"widget\" data-settings=\"{&quot;_position&quot;:&quot;absolute&quot;,&quot;_animation&quot;:&quot;fadeInDown&quot;}\" data-widget_type=\"heading.default\">\n\t\t\t\t<div class=\"elementor-widget-container\">\n\t\t\t\t\t<h2 class=\"elementor-heading-title elementor-size-default\">Finken administrazioa<\/h2>\t\t\t\t<\/div>\n\t\t\t\t<\/div>\n\t\t\t\t<\/div>\n\t\t<div class=\"elementor-element elementor-element-53b277f e-flex e-con-boxed e-con e-parent\" data-id=\"53b277f\" data-element_type=\"container\" data-e-type=\"container\">\n\t\t\t\t\t<div class=\"e-con-inner\">\n\t\t\t\t<div class=\"elementor-element elementor-element-8eb1c11 elementor-widget__width-initial elementor-widget-divider--view-line elementor-widget elementor-widget-divider\" data-id=\"8eb1c11\" data-element_type=\"widget\" data-e-type=\"widget\" data-widget_type=\"divider.default\">\n\t\t\t\t<div class=\"elementor-widget-container\">\n\t\t\t\t\t\t\t<div class=\"elementor-divider\">\n\t\t\t<span class=\"elementor-divider-separator\">\n\t\t\t\t\t\t<\/span>\n\t\t<\/div>\n\t\t\t\t\t\t<\/div>\n\t\t\t\t<\/div>\n\t\t\t\t<div class=\"elementor-element elementor-element-5250f75 elementor-widget__width-initial elementor-view-default elementor-widget elementor-widget-icon\" data-id=\"5250f75\" data-element_type=\"widget\" data-e-type=\"widget\" data-widget_type=\"icon.default\">\n\t\t\t\t<div class=\"elementor-widget-container\">\n\t\t\t\t\t\t\t<div class=\"elementor-icon-wrapper\">\n\t\t\t<div class=\"elementor-icon\">\n\t\t\t<svg aria-hidden=\"true\" class=\"e-font-icon-svg e-fas-laptop-house\" viewbox=\"0 0 640 512\" xmlns=\"http:\/\/www.w3.org\/2000\/svg\"><path d=\"M272,288H208a16,16,0,0,1-16-16V208a16,16,0,0,1,16-16h64a16,16,0,0,1,16,16v37.12C299.11,232.24,315,224,332.8,224H469.74l6.65-7.53A16.51,16.51,0,0,0,480,207a16.31,16.31,0,0,0-4.75-10.61L416,144V48a16,16,0,0,0-16-16H368a16,16,0,0,0-16,16V87.3L263.5,8.92C258,4,247.45,0,240.05,0s-17.93,4-23.47,8.92L4.78,196.42A16.15,16.15,0,0,0,0,207a16.4,16.4,0,0,0,3.55,9.39L22.34,237.7A16.22,16.22,0,0,0,33,242.48,16.51,16.51,0,0,0,42.34,239L64,219.88V384a32,32,0,0,0,32,32H272ZM629.33,448H592V288c0-17.67-12.89-32-28.8-32H332.8c-15.91,0-28.8,14.33-28.8,32V448H266.67A10.67,10.67,0,0,0,256,458.67v10.66A42.82,42.82,0,0,0,298.6,512H597.4A42.82,42.82,0,0,0,640,469.33V458.67A10.67,10.67,0,0,0,629.33,448ZM544,448H352V304H544Z\"><\/path><\/svg>\t\t\t<\/div>\n\t\t<\/div>\n\t\t\t\t\t\t<\/div>\n\t\t\t\t<\/div>\n\t\t\t\t<div class=\"elementor-element elementor-element-316f757 elementor-widget__width-initial elementor-widget-divider--view-line elementor-widget elementor-widget-divider\" data-id=\"316f757\" data-element_type=\"widget\" data-e-type=\"widget\" data-widget_type=\"divider.default\">\n\t\t\t\t<div class=\"elementor-widget-container\">\n\t\t\t\t\t\t\t<div class=\"elementor-divider\">\n\t\t\t<span class=\"elementor-divider-separator\">\n\t\t\t\t\t\t<\/span>\n\t\t<\/div>\n\t\t\t\t\t\t<\/div>\n\t\t\t\t<\/div>\n\t\t\t\t\t<\/div>\n\t\t\t\t<\/div>\n\t\t<div class=\"elementor-element elementor-element-86dc876 e-flex e-con-boxed e-con e-parent\" data-id=\"86dc876\" data-element_type=\"container\" data-e-type=\"container\">\n\t\t\t\t\t<div class=\"e-con-inner\">\n\t\t<div class=\"elementor-element elementor-element-7e47aad e-con-full e-flex e-con e-child\" data-id=\"7e47aad\" data-element_type=\"container\" data-e-type=\"container\" data-settings=\"{&quot;background_background&quot;:&quot;classic&quot;}\">\n\t\t\t\t<\/div>\n\t\t<div class=\"elementor-element elementor-element-e54591e e-con-full e-flex e-con e-child\" data-id=\"e54591e\" data-element_type=\"container\" data-e-type=\"container\">\n\t\t\t\t<div class=\"elementor-element elementor-element-54c724a elementor-widget__width-initial elementor-widget elementor-widget-heading\" data-id=\"54c724a\" data-element_type=\"widget\" data-e-type=\"widget\" data-widget_type=\"heading.default\">\n\t\t\t\t<div class=\"elementor-widget-container\">\n\t\t\t\t\t<h2 class=\"elementor-heading-title elementor-size-default\">Guri Buruz<\/h2>\t\t\t\t<\/div>\n\t\t\t\t<\/div>\n\t\t\t\t<div class=\"elementor-element elementor-element-7278379 elementor-widget elementor-widget-text-editor\" data-id=\"7278379\" data-element_type=\"widget\" data-e-type=\"widget\" data-widget_type=\"text-editor.default\">\n\t\t\t\t<div class=\"elementor-widget-container\">\n\t\t\t\t\t\t\t\t\t<p>2009an ekin genion jarduerari, eta finkak administratzeari ekin genion, gardentasunaren, eraginkortasunaren eta arreta pertsonalizatuaren ikuspegitik. Ordutik, gure esperientzia hazi eta sendotu dugu, komunitateak profesionaltasunez eta konpromisoz kudeatuz, gure bezeroen ongizatea eta lasaitasuna bermatzeko.<\/p><p>Zure komunitatea modu integralean kudeatzen dugu: banku-kontuen kontrola, liburuak eramatea, bilerak, erreklamazioak, berankortasuna, instalazioak mantentzea eta zerbitzu-hornitzaileekin koordinatzea, hala nola igogailuekin, garbiketarekin eta askoz gehiagorekin.<\/p>\t\t\t\t\t\t\t\t<\/div>\n\t\t\t\t<\/div>\n\t\t\t\t<\/div>\n\t\t\t\t\t<\/div>\n\t\t\t\t<\/div>\n\t\t<div class=\"elementor-element elementor-element-b7b6f72 e-flex e-con-boxed e-con e-parent\" data-id=\"b7b6f72\" data-element_type=\"container\" data-e-type=\"container\">\n\t\t\t\t\t<div class=\"e-con-inner\">\n\t\t\t\t<div class=\"elementor-element elementor-element-382541c elementor-widget__width-initial elementor-widget-divider--view-line elementor-widget elementor-widget-divider\" data-id=\"382541c\" data-element_type=\"widget\" data-e-type=\"widget\" data-widget_type=\"divider.default\">\n\t\t\t\t<div class=\"elementor-widget-container\">\n\t\t\t\t\t\t\t<div class=\"elementor-divider\">\n\t\t\t<span class=\"elementor-divider-separator\">\n\t\t\t\t\t\t<\/span>\n\t\t<\/div>\n\t\t\t\t\t\t<\/div>\n\t\t\t\t<\/div>\n\t\t\t\t<div class=\"elementor-element elementor-element-572155b elementor-widget__width-initial elementor-view-default elementor-widget elementor-widget-icon\" data-id=\"572155b\" data-element_type=\"widget\" data-e-type=\"widget\" data-widget_type=\"icon.default\">\n\t\t\t\t<div class=\"elementor-widget-container\">\n\t\t\t\t\t\t\t<div class=\"elementor-icon-wrapper\">\n\t\t\t<div class=\"elementor-icon\">\n\t\t\t<svg aria-hidden=\"true\" class=\"e-font-icon-svg e-fas-warehouse\" viewbox=\"0 0 640 512\" xmlns=\"http:\/\/www.w3.org\/2000\/svg\"><path d=\"M504 352H136.4c-4.4 0-8 3.6-8 8l-.1 48c0 4.4 3.6 8 8 8H504c4.4 0 8-3.6 8-8v-48c0-4.4-3.6-8-8-8zm0 96H136.1c-4.4 0-8 3.6-8 8l-.1 48c0 4.4 3.6 8 8 8h368c4.4 0 8-3.6 8-8v-48c0-4.4-3.6-8-8-8zm0-192H136.6c-4.4 0-8 3.6-8 8l-.1 48c0 4.4 3.6 8 8 8H504c4.4 0 8-3.6 8-8v-48c0-4.4-3.6-8-8-8zm106.5-139L338.4 3.7a48.15 48.15 0 0 0-36.9 0L29.5 117C11.7 124.5 0 141.9 0 161.3V504c0 4.4 3.6 8 8 8h80c4.4 0 8-3.6 8-8V256c0-17.6 14.6-32 32.6-32h382.8c18 0 32.6 14.4 32.6 32v248c0 4.4 3.6 8 8 8h80c4.4 0 8-3.6 8-8V161.3c0-19.4-11.7-36.8-29.5-44.3z\"><\/path><\/svg>\t\t\t<\/div>\n\t\t<\/div>\n\t\t\t\t\t\t<\/div>\n\t\t\t\t<\/div>\n\t\t\t\t<div class=\"elementor-element elementor-element-51212c7 elementor-widget__width-initial elementor-widget-divider--view-line elementor-widget elementor-widget-divider\" data-id=\"51212c7\" data-element_type=\"widget\" data-e-type=\"widget\" data-widget_type=\"divider.default\">\n\t\t\t\t<div class=\"elementor-widget-container\">\n\t\t\t\t\t\t\t<div class=\"elementor-divider\">\n\t\t\t<span class=\"elementor-divider-separator\">\n\t\t\t\t\t\t<\/span>\n\t\t<\/div>\n\t\t\t\t\t\t<\/div>\n\t\t\t\t<\/div>\n\t\t\t\t\t<\/div>\n\t\t\t\t<\/div>\n\t\t\t\t<\/div>","protected":false},"excerpt":{"rendered":"<p>Administraci\u00f3n de Fincas Sobre Nosotros Iniciamos nuestra actividad en el a\u00f1o 2009, dedic\u00e1ndonos a la administraci\u00f3n de fincas con un enfoque en la transparencia, eficiencia y atenci\u00f3n personalizada. Desde entonces, hemos crecido y consolidado nuestra experiencia, gestionando comunidades con profesionalidad y compromiso para garantizar el bienestar y la tranquilidad de nuestros clientes. Gestionamos integralmente tu [&hellip;]<\/p>\n","protected":false},"author":3,"featured_media":0,"parent":0,"menu_order":0,"comment_status":"closed","ping_status":"closed","template":"","meta":{"footnotes":""},"class_list":["post-2","page","type-page","status-publish","hentry"],"yoast_head":"<!-- This site is optimized with the Yoast SEO plugin v27.5 - https:\/\/yoast.com\/product\/yoast-seo-wordpress\/ -->\n<title>Inicio - Administraci\u00f3n Fincas Jaio<\/title>\n<meta name=\"robots\" content=\"index, follow, max-snippet:-1, max-image-preview:large, max-video-preview:-1\" \/>\n<link rel=\"canonical\" href=\"https:\/\/administracionfincasjaio.com\/eu\/\" \/>\n<meta property=\"og:locale\" content=\"en_US\" \/>\n<meta property=\"og:type\" content=\"article\" \/>\n<meta property=\"og:title\" content=\"Inicio - Administraci\u00f3n Fincas Jaio\" \/>\n<meta property=\"og:description\" content=\"Administraci\u00f3n de Fincas Sobre Nosotros Iniciamos nuestra actividad en el a\u00f1o 2009, dedic\u00e1ndonos a la administraci\u00f3n de fincas con un enfoque en la transparencia, eficiencia y atenci\u00f3n personalizada. Desde entonces, hemos crecido y consolidado nuestra experiencia, gestionando comunidades con profesionalidad y compromiso para garantizar el bienestar y la tranquilidad de nuestros clientes. Gestionamos integralmente tu [&hellip;]\" \/>\n<meta property=\"og:url\" content=\"https:\/\/administracionfincasjaio.com\/eu\/\" \/>\n<meta property=\"og:site_name\" content=\"Administraci\u00f3n Fincas Jaio\" \/>\n<meta property=\"article:modified_time\" content=\"2024-11-18T11:20:16+00:00\" \/>\n<meta name=\"twitter:card\" content=\"summary_large_image\" \/>\n<meta name=\"twitter:label1\" content=\"Est. reading time\" \/>\n\t<meta name=\"twitter:data1\" content=\"1 minutua\" \/>\n<script type=\"application\/ld+json\" class=\"yoast-schema-graph\">{\"@context\":\"https:\\\/\\\/schema.org\",\"@graph\":[{\"@type\":\"WebPage\",\"@id\":\"https:\\\/\\\/administracionfincasjaio.com\\\/\",\"url\":\"https:\\\/\\\/administracionfincasjaio.com\\\/\",\"name\":\"Inicio - Administraci\u00f3n Fincas Jaio\",\"isPartOf\":{\"@id\":\"https:\\\/\\\/administracionfincasjaio.com\\\/#website\"},\"datePublished\":\"2024-09-20T11:16:08+00:00\",\"dateModified\":\"2024-11-18T11:20:16+00:00\",\"breadcrumb\":{\"@id\":\"https:\\\/\\\/administracionfincasjaio.com\\\/#breadcrumb\"},\"inLanguage\":\"eu\",\"potentialAction\":[{\"@type\":\"ReadAction\",\"target\":[\"https:\\\/\\\/administracionfincasjaio.com\\\/\"]}]},{\"@type\":\"BreadcrumbList\",\"@id\":\"https:\\\/\\\/administracionfincasjaio.com\\\/#breadcrumb\",\"itemListElement\":[{\"@type\":\"ListItem\",\"position\":1,\"name\":\"Portada\",\"item\":\"https:\\\/\\\/administracionfincasjaio.com\\\/\"},{\"@type\":\"ListItem\",\"position\":2,\"name\":\"Inicio\"}]},{\"@type\":\"WebSite\",\"@id\":\"https:\\\/\\\/administracionfincasjaio.com\\\/#website\",\"url\":\"https:\\\/\\\/administracionfincasjaio.com\\\/\",\"name\":\"Administraci\u00f3n Fincas Jaio\",\"description\":\"Administraci\u00f3n de Fincas \",\"publisher\":{\"@id\":\"https:\\\/\\\/administracionfincasjaio.com\\\/#organization\"},\"potentialAction\":[{\"@type\":\"SearchAction\",\"target\":{\"@type\":\"EntryPoint\",\"urlTemplate\":\"https:\\\/\\\/administracionfincasjaio.com\\\/?s={search_term_string}\"},\"query-input\":{\"@type\":\"PropertyValueSpecification\",\"valueRequired\":true,\"valueName\":\"search_term_string\"}}],\"inLanguage\":\"eu\"},{\"@type\":\"Organization\",\"@id\":\"https:\\\/\\\/administracionfincasjaio.com\\\/#organization\",\"name\":\"Administraci\u00f3n Fincas Jaio\",\"url\":\"https:\\\/\\\/administracionfincasjaio.com\\\/\",\"logo\":{\"@type\":\"ImageObject\",\"inLanguage\":\"eu\",\"@id\":\"https:\\\/\\\/administracionfincasjaio.com\\\/#\\\/schema\\\/logo\\\/image\\\/\",\"url\":\"https:\\\/\\\/administracionfincasjaio.com\\\/wp-content\\\/uploads\\\/2024\\\/11\\\/cropped-M-1-1.png\",\"contentUrl\":\"https:\\\/\\\/administracionfincasjaio.com\\\/wp-content\\\/uploads\\\/2024\\\/11\\\/cropped-M-1-1.png\",\"width\":500,\"height\":185,\"caption\":\"Administraci\u00f3n Fincas Jaio\"},\"image\":{\"@id\":\"https:\\\/\\\/administracionfincasjaio.com\\\/#\\\/schema\\\/logo\\\/image\\\/\"}}]}<\/script>\n<!-- \/ Yoast SEO plugin. -->","yoast_head_json":{"title":"Inicio - Administraci\u00f3n Fincas Jaio","robots":{"index":"index","follow":"follow","max-snippet":"max-snippet:-1","max-image-preview":"max-image-preview:large","max-video-preview":"max-video-preview:-1"},"canonical":"https:\/\/administracionfincasjaio.com\/eu\/","og_locale":"en_US","og_type":"article","og_title":"Inicio - Administraci\u00f3n Fincas Jaio","og_description":"Administraci\u00f3n de Fincas Sobre Nosotros Iniciamos nuestra actividad en el a\u00f1o 2009, dedic\u00e1ndonos a la administraci\u00f3n de fincas con un enfoque en la transparencia, eficiencia y atenci\u00f3n personalizada. Desde entonces, hemos crecido y consolidado nuestra experiencia, gestionando comunidades con profesionalidad y compromiso para garantizar el bienestar y la tranquilidad de nuestros clientes. Gestionamos integralmente tu [&hellip;]","og_url":"https:\/\/administracionfincasjaio.com\/eu\/","og_site_name":"Administraci\u00f3n Fincas Jaio","article_modified_time":"2024-11-18T11:20:16+00:00","twitter_card":"summary_large_image","twitter_misc":{"Est. reading time":"1 minutua"},"schema":{"@context":"https:\/\/schema.org","@graph":[{"@type":"WebPage","@id":"https:\/\/administracionfincasjaio.com\/","url":"https:\/\/administracionfincasjaio.com\/","name":"Inicio - Administraci\u00f3n Fincas Jaio","isPartOf":{"@id":"https:\/\/administracionfincasjaio.com\/#website"},"datePublished":"2024-09-20T11:16:08+00:00","dateModified":"2024-11-18T11:20:16+00:00","breadcrumb":{"@id":"https:\/\/administracionfincasjaio.com\/#breadcrumb"},"inLanguage":"eu","potentialAction":[{"@type":"ReadAction","target":["https:\/\/administracionfincasjaio.com\/"]}]},{"@type":"BreadcrumbList","@id":"https:\/\/administracionfincasjaio.com\/#breadcrumb","itemListElement":[{"@type":"ListItem","position":1,"name":"Portada","item":"https:\/\/administracionfincasjaio.com\/"},{"@type":"ListItem","position":2,"name":"Inicio"}]},{"@type":"WebSite","@id":"https:\/\/administracionfincasjaio.com\/#website","url":"https:\/\/administracionfincasjaio.com\/","name":"Administraci\u00f3n Fincas Jaio","description":"Finken administrazioa","publisher":{"@id":"https:\/\/administracionfincasjaio.com\/#organization"},"potentialAction":[{"@type":"SearchAction","target":{"@type":"EntryPoint","urlTemplate":"https:\/\/administracionfincasjaio.com\/?s={search_term_string}"},"query-input":{"@type":"PropertyValueSpecification","valueRequired":true,"valueName":"search_term_string"}}],"inLanguage":"eu"},{"@type":"Organization","@id":"https:\/\/administracionfincasjaio.com\/#organization","name":"Administraci\u00f3n Fincas Jaio","url":"https:\/\/administracionfincasjaio.com\/","logo":{"@type":"ImageObject","inLanguage":"eu","@id":"https:\/\/administracionfincasjaio.com\/#\/schema\/logo\/image\/","url":"https:\/\/administracionfincasjaio.com\/wp-content\/uploads\/2024\/11\/cropped-M-1-1.png","contentUrl":"https:\/\/administracionfincasjaio.com\/wp-content\/uploads\/2024\/11\/cropped-M-1-1.png","width":500,"height":185,"caption":"Administraci\u00f3n Fincas Jaio"},"image":{"@id":"https:\/\/administracionfincasjaio.com\/#\/schema\/logo\/image\/"}}]}},"_links":{"self":[{"href":"https:\/\/administracionfincasjaio.com\/eu\/wp-json\/wp\/v2\/pages\/2","targetHints":{"allow":["GET"]}}],"collection":[{"href":"https:\/\/administracionfincasjaio.com\/eu\/wp-json\/wp\/v2\/pages"}],"about":[{"href":"https:\/\/administracionfincasjaio.com\/eu\/wp-json\/wp\/v2\/types\/page"}],"author":[{"embeddable":true,"href":"https:\/\/administracionfincasjaio.com\/eu\/wp-json\/wp\/v2\/users\/3"}],"replies":[{"embeddable":true,"href":"https:\/\/administracionfincasjaio.com\/eu\/wp-json\/wp\/v2\/comments?post=2"}],"version-history":[{"count":104,"href":"https:\/\/administracionfincasjaio.com\/eu\/wp-json\/wp\/v2\/pages\/2\/revisions"}],"predecessor-version":[{"id":390,"href":"https:\/\/administracionfincasjaio.com\/eu\/wp-json\/wp\/v2\/pages\/2\/revisions\/390"}],"wp:attachment":[{"href":"https:\/\/administracionfincasjaio.com\/eu\/wp-json\/wp\/v2\/media?parent=2"}],"curies":[{"name":"wp","href":"https:\/\/api.w.org\/{rel}","templated":true}]}}